{"id":14106,"date":"2025-03-03T09:53:35","date_gmt":"2025-03-03T08:53:35","guid":{"rendered":"https:\/\/mnmu.rs\/?page_id=14106"},"modified":"2025-11-13T16:04:24","modified_gmt":"2025-11-13T15:04:24","slug":"snaga-volje-motivi-borbe-i-molitve-u-umetnickim-radovima-iz-zbirke-mnmu","status":"publish","type":"page","link":"https:\/\/mnmu.rs\/en\/izlozbe\/snaga-volje-motivi-borbe-i-molitve-u-umetnickim-radovima-iz-zbirke-mnmu\/","title":{"rendered":"\u0421\u041d\u0410\u0413\u0410 \u0412\u041e\u0409\u0415 \u041c\u043e\u0442\u0438\u0432\u0438 \u0431\u043e\u0440\u0431\u0435 \u0438 \u043c\u043e\u043b\u0438\u0442\u0432\u0435 \u0443 \u0443\u043c\u0435\u0442\u043d\u0438\u0447\u043a\u0438\u043c \u0440\u0430\u0434\u043e\u0432\u0438\u043c\u0430 \u0438\u0437 \u0437\u0431\u0438\u0440\u043a\u0435 \u041c\u041d\u041c\u0423"},"content":{"rendered":"<div data-elementor-type=\"wp-page\" data-elementor-id=\"14106\" class=\"elementor elementor-14106\" data-elementor-post-type=\"page\">\n\t\t\t\t<div class=\"elementor-element elementor-element-aac2291 e-flex e-con-boxed e-con e-parent\" data-id=\"aac2291\" data-element_type=\"container\" data-e-type=\"container\">\n\t\t\t\t\t<div class=\"e-con-inner\">\n\t\t\t\t<div class=\"elementor-element elementor-element-eec4d64 elementor-widget elementor-widget-heading\" data-id=\"eec4d64\" data-element_type=\"widget\" data-e-type=\"widget\" data-widget_type=\"heading.default\">\n\t\t\t\t<div class=\"elementor-widget-container\">\n\t\t\t\t\t<h2 class=\"elementor-heading-title elementor-size-default\"><a href=\"https:\/\/mnmu.rs\/en\/izlozbe\/cetvrti-trijenale-ekscentrici-u-salonu-oto-bihalji-merin\/\">THE POWER OF WILL<\/a><\/h2>\t\t\t\t<\/div>\n\t\t\t\t<\/div>\n\t\t\t\t<div class=\"elementor-element elementor-element-31528d0 elementor-widget elementor-widget-heading\" data-id=\"31528d0\" data-element_type=\"widget\" data-e-type=\"widget\" data-widget_type=\"heading.default\">\n\t\t\t\t<div class=\"elementor-widget-container\">\n\t\t\t\t\t<div class=\"elementor-heading-title elementor-size-default\"><a href=\"https:\/\/mnmu.rs\/en\/izlozbe\/cetvrti-trijenale-ekscentrici-u-salonu-oto-bihalji-merin\/\">Motifs of Struggle and Prayer in Artworks from the MNMA Collection<\/a><\/div>\t\t\t\t<\/div>\n\t\t\t\t<\/div>\n\t\t\t\t<div class=\"elementor-element elementor-element-d5eee57 elementor-widget elementor-widget-text-editor\" data-id=\"d5eee57\" data-element_type=\"widget\" data-e-type=\"widget\" data-widget_type=\"text-editor.default\">\n\t\t\t\t<div class=\"elementor-widget-container\">\n\t\t\t\t\t\t\t\t\t<p>The art of self-taught artists is most directly inspired by the primal motifs of the human being\u2019s struggle against the adversities that life brings. A key characteristic of their art is that it does not follow trends or imitate the art of others; rather, it responds to life itself and instinctively transforms life\u2019s events into artistic expression.<\/p><p>The sculptor Milan Stanisavljevi\u0107 works with dark wood, preserving its natural texture in its found state, often creating sculptures from wood retrieved from riverbeds. This type of wood inherently carries a message about the passage of time and the trace of existence. Expressive sculptures by Dragutin Aleksi\u0107, often shaped with an axe, testify to the power of will that sustained people through life\u2019s hardships. It was this same strength of will that kept these self-taught artists creating, even without the support of the institutional art system. The power of their themes and their inherent talent brought their works into global collections and museums. For example, Bogosav \u017divkovi\u0107 is represented in the Collection de l\u2019Art Brut in Lausanne, and Dragi\u0161a Stanisavljevi\u0107 exhibited at the prestigious Cartier Foundation in Paris. These are just a few of the many international recognitions that demonstrate how self-taught artists, through incredible willpower, rose from anonymity into the world of recognized and educated artists.<\/p><p>Struggle and prayer are fundamental motifs in the history of wars, the pursuit of emancipation, and constitutionally guaranteed rights (as commemorated by the Sretenje holiday). But they are also among the most powerful and prevalent themes in the art of the self-taught. The famous na\u00efve painter Janko Bra\u0161i\u0107 captivated both critics and the public with his depiction of the Battle of Kosovo. The monumental composition presented by the Museum in this exhibition is the best example of how, in art, talent and persistent work carry more weight than formal education.<\/p><p>Finally, contemporary academically trained artist Goran Stoj\u010detovi\u0107, who works within and exhibits in the field of raw vision art or art brut, has shown through his works that, alongside academic education, art is also created by following a powerful internal need to respond to the challenges of the times\u2014without obeying the dictates of academia.<\/p><p><strong><em>Ivana Ba\u0161i\u0107evi\u0107 Anti\u0107, Phd<\/em><\/strong><br \/><strong><em>Director of the MNMA<\/em><\/strong><\/p>\t\t\t\t\t\t\t\t<\/div>\n\t\t\t\t<\/div>\n\t\t\t\t\t<\/div>\n\t\t\t\t<\/div>\n\t\t\t\t<\/div>","protected":false},"excerpt":{"rendered":"<p>\u0421\u041d\u0410\u0413\u0410 \u0412\u041e\u0409\u0415 \u041c\u043e\u0442\u0438\u0432\u0438 \u0431\u043e\u0440\u0431\u0435 \u0438 \u043c\u043e\u043b\u0438\u0442\u0432\u0435 \u0443 \u0443\u043c\u0435\u0442\u043d\u0438\u0447\u043a\u0438\u043c \u0440\u0430\u0434\u043e\u0432\u0438\u043c\u0430 \u0438\u0437 \u0437\u0431\u0438\u0440\u043a\u0435 \u041c\u041d\u041c\u0423 \u0423\u043c\u0435\u0442\u043d\u043e\u0441\u0442 \u0441\u0430\u043c\u043e\u0443\u043a\u0438\u0445 \u0443\u043c\u0435\u0442\u043d\u0438\u043a\u0430 \u043d\u0430\u0458\u0434\u0438\u0440\u0435\u043a\u0442\u043d\u0438\u0458\u0435 \u0441\u0435 \u0438\u043d\u0441\u043f\u0438\u0440\u0438\u0441\u0430\u043b\u0430 \u0438\u0441\u043a\u043e\u043d\u0441\u043a\u0438\u043c \u043c\u043e\u0442\u0438\u0432\u0438\u043c\u0430 \u0431\u043e\u0440\u0431\u0435 \u0459\u0443\u0434\u0441\u043a\u043e\u0433 \u0431\u0438\u045b\u0430 \u0441\u0430 \u043d\u0435\u0434\u0430\u045b\u0430\u043c\u0430 \u043a\u043e\u0458\u0435 \u0458\u0435 \u0436\u0438\u0432\u043e\u0442 \u0434\u043e\u043d\u043e\u0441\u0438\u043e. \u041e\u0441\u043d\u043e\u0432\u043d\u0430 \u043a\u0430\u0440\u0430\u043a\u0442\u0435\u0440\u0438\u0441\u0442\u0438\u043a\u0430 \u045a\u0438\u0445\u043e\u0432\u0435 \u0443\u043c\u0435\u0442\u043d\u043e\u0441\u0442\u0438 \u0458\u0435\u0441\u0442\u0435 \u043f\u043e\u0434\u0430\u0442\u0430\u043a \u0434\u0430 \u043d\u0435 \u043f\u0440\u0430\u0442\u0435 \u0442\u0440\u0435\u043d\u0434\u043e\u0432\u0435 \u0438 \u043d\u0435 \u0438\u043c\u0438\u0442\u0438\u0440\u0430\u0458\u0443 \u0443\u043c\u0435\u0442\u043d\u043e\u0441\u0442 \u0434\u0440\u0443\u0433\u0438\u0445, \u0432\u0435\u045b \u0440\u0435\u0430\u0433\u0443\u0458\u0443 \u043d\u0430 \u0436\u0438\u0432\u043e\u0442 \u0438 \u0438\u043d\u0441\u0442\u0438\u043d\u043a\u0442\u0438\u0432\u043d\u043e \u043f\u0440\u0435\u0440\u0430\u0452\u0443\u0458\u0443 \u0434\u043e\u0433\u0430\u0452\u0430\u0458\u0435 \u0438\u0437 \u0436\u0438\u0432\u043e\u0442\u0430 \u0443 [&hellip;]<\/p>\n","protected":false},"author":5,"featured_media":11286,"parent":2469,"menu_order":0,"comment_status":"closed","ping_status":"closed","template":"","meta":{"footnotes":""},"class_list":["post-14106","page","type-page","status-publish","has-post-thumbnail","hentry"],"yoast_head":"<!-- This site is optimized with the Yoast SEO plugin v27.4 - https:\/\/yoast.com\/product\/yoast-seo-wordpress\/ -->\n<title>\u0421\u041d\u0410\u0413\u0410 \u0412\u041e\u0409\u0415 \u041c\u043e\u0442\u0438\u0432\u0438 \u0431\u043e\u0440\u0431\u0435 \u0438 \u043c\u043e\u043b\u0438\u0442\u0432\u0435 \u0443 \u0443\u043c\u0435\u0442\u043d\u0438\u0447\u043a\u0438\u043c \u0440\u0430\u0434\u043e\u0432\u0438\u043c\u0430 \u0438\u0437 \u0437\u0431\u0438\u0440\u043a\u0435 \u041c\u041d\u041c\u0423 - \u041c\u041d\u041c\u0423<\/title>\n<meta name=\"robots\" content=\"index, follow, max-snippet:-1, max-image-preview:large, max-video-preview:-1\" \/>\n<link rel=\"canonical\" href=\"https:\/\/mnmu.rs\/en\/izlozbe\/snaga-volje-motivi-borbe-i-molitve-u-umetnickim-radovima-iz-zbirke-mnmu\/\" \/>\n<meta property=\"og:locale\" content=\"en_US\" \/>\n<meta property=\"og:type\" content=\"article\" \/>\n<meta property=\"og:title\" content=\"\u0421\u041d\u0410\u0413\u0410 \u0412\u041e\u0409\u0415 \u041c\u043e\u0442\u0438\u0432\u0438 \u0431\u043e\u0440\u0431\u0435 \u0438 \u043c\u043e\u043b\u0438\u0442\u0432\u0435 \u0443 \u0443\u043c\u0435\u0442\u043d\u0438\u0447\u043a\u0438\u043c \u0440\u0430\u0434\u043e\u0432\u0438\u043c\u0430 \u0438\u0437 \u0437\u0431\u0438\u0440\u043a\u0435 \u041c\u041d\u041c\u0423 - \u041c\u041d\u041c\u0423\" \/>\n<meta property=\"og:description\" content=\"\u0421\u041d\u0410\u0413\u0410 \u0412\u041e\u0409\u0415 \u041c\u043e\u0442\u0438\u0432\u0438 \u0431\u043e\u0440\u0431\u0435 \u0438 \u043c\u043e\u043b\u0438\u0442\u0432\u0435 \u0443 \u0443\u043c\u0435\u0442\u043d\u0438\u0447\u043a\u0438\u043c \u0440\u0430\u0434\u043e\u0432\u0438\u043c\u0430 \u0438\u0437 \u0437\u0431\u0438\u0440\u043a\u0435 \u041c\u041d\u041c\u0423 \u0423\u043c\u0435\u0442\u043d\u043e\u0441\u0442 \u0441\u0430\u043c\u043e\u0443\u043a\u0438\u0445 \u0443\u043c\u0435\u0442\u043d\u0438\u043a\u0430 \u043d\u0430\u0458\u0434\u0438\u0440\u0435\u043a\u0442\u043d\u0438\u0458\u0435 \u0441\u0435 \u0438\u043d\u0441\u043f\u0438\u0440\u0438\u0441\u0430\u043b\u0430 \u0438\u0441\u043a\u043e\u043d\u0441\u043a\u0438\u043c \u043c\u043e\u0442\u0438\u0432\u0438\u043c\u0430 \u0431\u043e\u0440\u0431\u0435 \u0459\u0443\u0434\u0441\u043a\u043e\u0433 \u0431\u0438\u045b\u0430 \u0441\u0430 \u043d\u0435\u0434\u0430\u045b\u0430\u043c\u0430 \u043a\u043e\u0458\u0435 \u0458\u0435 \u0436\u0438\u0432\u043e\u0442 \u0434\u043e\u043d\u043e\u0441\u0438\u043e. \u041e\u0441\u043d\u043e\u0432\u043d\u0430 \u043a\u0430\u0440\u0430\u043a\u0442\u0435\u0440\u0438\u0441\u0442\u0438\u043a\u0430 \u045a\u0438\u0445\u043e\u0432\u0435 \u0443\u043c\u0435\u0442\u043d\u043e\u0441\u0442\u0438 \u0458\u0435\u0441\u0442\u0435 \u043f\u043e\u0434\u0430\u0442\u0430\u043a \u0434\u0430 \u043d\u0435 \u043f\u0440\u0430\u0442\u0435 \u0442\u0440\u0435\u043d\u0434\u043e\u0432\u0435 \u0438 \u043d\u0435 \u0438\u043c\u0438\u0442\u0438\u0440\u0430\u0458\u0443 \u0443\u043c\u0435\u0442\u043d\u043e\u0441\u0442 \u0434\u0440\u0443\u0433\u0438\u0445, \u0432\u0435\u045b \u0440\u0435\u0430\u0433\u0443\u0458\u0443 \u043d\u0430 \u0436\u0438\u0432\u043e\u0442 \u0438 \u0438\u043d\u0441\u0442\u0438\u043d\u043a\u0442\u0438\u0432\u043d\u043e \u043f\u0440\u0435\u0440\u0430\u0452\u0443\u0458\u0443 \u0434\u043e\u0433\u0430\u0452\u0430\u0458\u0435 \u0438\u0437 \u0436\u0438\u0432\u043e\u0442\u0430 \u0443 [&hellip;]\" \/>\n<meta property=\"og:url\" content=\"https:\/\/mnmu.rs\/en\/izlozbe\/snaga-volje-motivi-borbe-i-molitve-u-umetnickim-radovima-iz-zbirke-mnmu\/\" \/>\n<meta property=\"og:site_name\" content=\"\u041c\u041d\u041c\u0423\" \/>\n<meta property=\"article:publisher\" content=\"https:\/\/www.facebook.com\/muzejnaivneimarginalneumetnosti\" \/>\n<meta property=\"article:modified_time\" content=\"2025-11-13T15:04:24+00:00\" \/>\n<meta property=\"og:image\" content=\"https:\/\/mnmu.rs\/wp-content\/uploads\/E-pozivnica-1024x913.jpg\" \/>\n\t<meta property=\"og:image:width\" content=\"1024\" \/>\n\t<meta property=\"og:image:height\" content=\"913\" \/>\n\t<meta property=\"og:image:type\" content=\"image\/jpeg\" \/>\n<meta name=\"twitter:card\" content=\"summary_large_image\" \/>\n<meta name=\"twitter:label1\" content=\"Est. reading time\" \/>\n\t<meta name=\"twitter:data1\" content=\"2 minutes\" \/>\n<script type=\"application\/ld+json\" class=\"yoast-schema-graph\">{\"@context\":\"https:\\\/\\\/schema.org\",\"@graph\":[{\"@type\":\"WebPage\",\"@id\":\"https:\\\/\\\/mnmu.rs\\\/izlozbe\\\/snaga-volje-motivi-borbe-i-molitve-u-umetnickim-radovima-iz-zbirke-mnmu\\\/\",\"url\":\"https:\\\/\\\/mnmu.rs\\\/izlozbe\\\/snaga-volje-motivi-borbe-i-molitve-u-umetnickim-radovima-iz-zbirke-mnmu\\\/\",\"name\":\"\u0421\u041d\u0410\u0413\u0410 \u0412\u041e\u0409\u0415 \u041c\u043e\u0442\u0438\u0432\u0438 \u0431\u043e\u0440\u0431\u0435 \u0438 \u043c\u043e\u043b\u0438\u0442\u0432\u0435 \u0443 \u0443\u043c\u0435\u0442\u043d\u0438\u0447\u043a\u0438\u043c \u0440\u0430\u0434\u043e\u0432\u0438\u043c\u0430 \u0438\u0437 \u0437\u0431\u0438\u0440\u043a\u0435 \u041c\u041d\u041c\u0423 - \u041c\u041d\u041c\u0423\",\"isPartOf\":{\"@id\":\"https:\\\/\\\/mnmu.rs\\\/#website\"},\"primaryImageOfPage\":{\"@id\":\"https:\\\/\\\/mnmu.rs\\\/izlozbe\\\/snaga-volje-motivi-borbe-i-molitve-u-umetnickim-radovima-iz-zbirke-mnmu\\\/#primaryimage\"},\"image\":{\"@id\":\"https:\\\/\\\/mnmu.rs\\\/izlozbe\\\/snaga-volje-motivi-borbe-i-molitve-u-umetnickim-radovima-iz-zbirke-mnmu\\\/#primaryimage\"},\"thumbnailUrl\":\"https:\\\/\\\/mnmu.rs\\\/wp-content\\\/uploads\\\/E-pozivnica.jpg\",\"datePublished\":\"2025-03-03T08:53:35+00:00\",\"dateModified\":\"2025-11-13T15:04:24+00:00\",\"breadcrumb\":{\"@id\":\"https:\\\/\\\/mnmu.rs\\\/izlozbe\\\/snaga-volje-motivi-borbe-i-molitve-u-umetnickim-radovima-iz-zbirke-mnmu\\\/#breadcrumb\"},\"inLanguage\":\"en-US\",\"potentialAction\":[{\"@type\":\"ReadAction\",\"target\":[\"https:\\\/\\\/mnmu.rs\\\/izlozbe\\\/snaga-volje-motivi-borbe-i-molitve-u-umetnickim-radovima-iz-zbirke-mnmu\\\/\"]}]},{\"@type\":\"ImageObject\",\"inLanguage\":\"en-US\",\"@id\":\"https:\\\/\\\/mnmu.rs\\\/izlozbe\\\/snaga-volje-motivi-borbe-i-molitve-u-umetnickim-radovima-iz-zbirke-mnmu\\\/#primaryimage\",\"url\":\"https:\\\/\\\/mnmu.rs\\\/wp-content\\\/uploads\\\/E-pozivnica.jpg\",\"contentUrl\":\"https:\\\/\\\/mnmu.rs\\\/wp-content\\\/uploads\\\/E-pozivnica.jpg\",\"width\":1746,\"height\":1557},{\"@type\":\"BreadcrumbList\",\"@id\":\"https:\\\/\\\/mnmu.rs\\\/izlozbe\\\/snaga-volje-motivi-borbe-i-molitve-u-umetnickim-radovima-iz-zbirke-mnmu\\\/#breadcrumb\",\"itemListElement\":[{\"@type\":\"ListItem\",\"position\":1,\"name\":\"\u041f\u043e\u0447\u0435\u0442\u043d\u0430\",\"item\":\"https:\\\/\\\/mnmu.rs\\\/\"},{\"@type\":\"ListItem\",\"position\":2,\"name\":\"\u0418\u0417\u041b\u041e\u0416\u0411\u0415\",\"item\":\"https:\\\/\\\/mnmu.rs\\\/izlozbe\\\/\"},{\"@type\":\"ListItem\",\"position\":3,\"name\":\"\u0421\u041d\u0410\u0413\u0410 \u0412\u041e\u0409\u0415 \u041c\u043e\u0442\u0438\u0432\u0438 \u0431\u043e\u0440\u0431\u0435 \u0438 \u043c\u043e\u043b\u0438\u0442\u0432\u0435 \u0443 \u0443\u043c\u0435\u0442\u043d\u0438\u0447\u043a\u0438\u043c \u0440\u0430\u0434\u043e\u0432\u0438\u043c\u0430 \u0438\u0437 \u0437\u0431\u0438\u0440\u043a\u0435 \u041c\u041d\u041c\u0423\"}]},{\"@type\":\"WebSite\",\"@id\":\"https:\\\/\\\/mnmu.rs\\\/#website\",\"url\":\"https:\\\/\\\/mnmu.rs\\\/\",\"name\":\"\u041c\u041d\u041c\u0423\",\"description\":\"\u041c\u0443\u0437\u0435\u0458 \u043d\u0430\u0438\u0432\u043d\u0435 \u0438 \u043c\u0430\u0440\u0433\u0438\u043d\u0430\u043b\u043d\u0435 \u0443\u043c\u0435\u0442\u043d\u043e\u0441\u0442\u0438\",\"publisher\":{\"@id\":\"https:\\\/\\\/mnmu.rs\\\/#organization\"},\"potentialAction\":[{\"@type\":\"SearchAction\",\"target\":{\"@type\":\"EntryPoint\",\"urlTemplate\":\"https:\\\/\\\/mnmu.rs\\\/?s={search_term_string}\"},\"query-input\":{\"@type\":\"PropertyValueSpecification\",\"valueRequired\":true,\"valueName\":\"search_term_string\"}}],\"inLanguage\":\"en-US\"},{\"@type\":\"Organization\",\"@id\":\"https:\\\/\\\/mnmu.rs\\\/#organization\",\"name\":\"\u041c\u041d\u041c\u0423\",\"url\":\"https:\\\/\\\/mnmu.rs\\\/\",\"logo\":{\"@type\":\"ImageObject\",\"inLanguage\":\"en-US\",\"@id\":\"https:\\\/\\\/mnmu.rs\\\/#\\\/schema\\\/logo\\\/image\\\/\",\"url\":\"https:\\\/\\\/mnmu.rs\\\/wp-content\\\/uploads\\\/2019\\\/01\\\/Logo-MNMU-1-2-e1663202065107.jpg\",\"contentUrl\":\"https:\\\/\\\/mnmu.rs\\\/wp-content\\\/uploads\\\/2019\\\/01\\\/Logo-MNMU-1-2-e1663202065107.jpg\",\"width\":300,\"height\":262,\"caption\":\"\u041c\u041d\u041c\u0423\"},\"image\":{\"@id\":\"https:\\\/\\\/mnmu.rs\\\/#\\\/schema\\\/logo\\\/image\\\/\"},\"sameAs\":[\"https:\\\/\\\/www.facebook.com\\\/muzejnaivneimarginalneumetnosti\",\"https:\\\/\\\/www.youtube.com\\\/channel\\\/UCtww058_pFjWYHx2rDvTZVw\",\"https:\\\/\\\/www.instagram.com\\\/museumofnaivemarginalart\\\/?igshid=YmMyMTA2M2Y\"]}]}<\/script>\n<!-- \/ Yoast SEO plugin. -->","yoast_head_json":{"title":"\u0421\u041d\u0410\u0413\u0410 \u0412\u041e\u0409\u0415 \u041c\u043e\u0442\u0438\u0432\u0438 \u0431\u043e\u0440\u0431\u0435 \u0438 \u043c\u043e\u043b\u0438\u0442\u0432\u0435 \u0443 \u0443\u043c\u0435\u0442\u043d\u0438\u0447\u043a\u0438\u043c \u0440\u0430\u0434\u043e\u0432\u0438\u043c\u0430 \u0438\u0437 \u0437\u0431\u0438\u0440\u043a\u0435 \u041c\u041d\u041c\u0423 - \u041c\u041d\u041c\u0423","robots":{"index":"index","follow":"follow","max-snippet":"max-snippet:-1","max-image-preview":"max-image-preview:large","max-video-preview":"max-video-preview:-1"},"canonical":"https:\/\/mnmu.rs\/en\/izlozbe\/snaga-volje-motivi-borbe-i-molitve-u-umetnickim-radovima-iz-zbirke-mnmu\/","og_locale":"en_US","og_type":"article","og_title":"\u0421\u041d\u0410\u0413\u0410 \u0412\u041e\u0409\u0415 \u041c\u043e\u0442\u0438\u0432\u0438 \u0431\u043e\u0440\u0431\u0435 \u0438 \u043c\u043e\u043b\u0438\u0442\u0432\u0435 \u0443 \u0443\u043c\u0435\u0442\u043d\u0438\u0447\u043a\u0438\u043c \u0440\u0430\u0434\u043e\u0432\u0438\u043c\u0430 \u0438\u0437 \u0437\u0431\u0438\u0440\u043a\u0435 \u041c\u041d\u041c\u0423 - \u041c\u041d\u041c\u0423","og_description":"\u0421\u041d\u0410\u0413\u0410 \u0412\u041e\u0409\u0415 \u041c\u043e\u0442\u0438\u0432\u0438 \u0431\u043e\u0440\u0431\u0435 \u0438 \u043c\u043e\u043b\u0438\u0442\u0432\u0435 \u0443 \u0443\u043c\u0435\u0442\u043d\u0438\u0447\u043a\u0438\u043c \u0440\u0430\u0434\u043e\u0432\u0438\u043c\u0430 \u0438\u0437 \u0437\u0431\u0438\u0440\u043a\u0435 \u041c\u041d\u041c\u0423 \u0423\u043c\u0435\u0442\u043d\u043e\u0441\u0442 \u0441\u0430\u043c\u043e\u0443\u043a\u0438\u0445 \u0443\u043c\u0435\u0442\u043d\u0438\u043a\u0430 \u043d\u0430\u0458\u0434\u0438\u0440\u0435\u043a\u0442\u043d\u0438\u0458\u0435 \u0441\u0435 \u0438\u043d\u0441\u043f\u0438\u0440\u0438\u0441\u0430\u043b\u0430 \u0438\u0441\u043a\u043e\u043d\u0441\u043a\u0438\u043c \u043c\u043e\u0442\u0438\u0432\u0438\u043c\u0430 \u0431\u043e\u0440\u0431\u0435 \u0459\u0443\u0434\u0441\u043a\u043e\u0433 \u0431\u0438\u045b\u0430 \u0441\u0430 \u043d\u0435\u0434\u0430\u045b\u0430\u043c\u0430 \u043a\u043e\u0458\u0435 \u0458\u0435 \u0436\u0438\u0432\u043e\u0442 \u0434\u043e\u043d\u043e\u0441\u0438\u043e. \u041e\u0441\u043d\u043e\u0432\u043d\u0430 \u043a\u0430\u0440\u0430\u043a\u0442\u0435\u0440\u0438\u0441\u0442\u0438\u043a\u0430 \u045a\u0438\u0445\u043e\u0432\u0435 \u0443\u043c\u0435\u0442\u043d\u043e\u0441\u0442\u0438 \u0458\u0435\u0441\u0442\u0435 \u043f\u043e\u0434\u0430\u0442\u0430\u043a \u0434\u0430 \u043d\u0435 \u043f\u0440\u0430\u0442\u0435 \u0442\u0440\u0435\u043d\u0434\u043e\u0432\u0435 \u0438 \u043d\u0435 \u0438\u043c\u0438\u0442\u0438\u0440\u0430\u0458\u0443 \u0443\u043c\u0435\u0442\u043d\u043e\u0441\u0442 \u0434\u0440\u0443\u0433\u0438\u0445, \u0432\u0435\u045b \u0440\u0435\u0430\u0433\u0443\u0458\u0443 \u043d\u0430 \u0436\u0438\u0432\u043e\u0442 \u0438 \u0438\u043d\u0441\u0442\u0438\u043d\u043a\u0442\u0438\u0432\u043d\u043e \u043f\u0440\u0435\u0440\u0430\u0452\u0443\u0458\u0443 \u0434\u043e\u0433\u0430\u0452\u0430\u0458\u0435 \u0438\u0437 \u0436\u0438\u0432\u043e\u0442\u0430 \u0443 [&hellip;]","og_url":"https:\/\/mnmu.rs\/en\/izlozbe\/snaga-volje-motivi-borbe-i-molitve-u-umetnickim-radovima-iz-zbirke-mnmu\/","og_site_name":"\u041c\u041d\u041c\u0423","article_publisher":"https:\/\/www.facebook.com\/muzejnaivneimarginalneumetnosti","article_modified_time":"2025-11-13T15:04:24+00:00","og_image":[{"width":1024,"height":913,"url":"https:\/\/mnmu.rs\/wp-content\/uploads\/E-pozivnica-1024x913.jpg","type":"image\/jpeg"}],"twitter_card":"summary_large_image","twitter_misc":{"Est. reading time":"2 minutes"},"schema":{"@context":"https:\/\/schema.org","@graph":[{"@type":"WebPage","@id":"https:\/\/mnmu.rs\/izlozbe\/snaga-volje-motivi-borbe-i-molitve-u-umetnickim-radovima-iz-zbirke-mnmu\/","url":"https:\/\/mnmu.rs\/izlozbe\/snaga-volje-motivi-borbe-i-molitve-u-umetnickim-radovima-iz-zbirke-mnmu\/","name":"\u0421\u041d\u0410\u0413\u0410 \u0412\u041e\u0409\u0415 \u041c\u043e\u0442\u0438\u0432\u0438 \u0431\u043e\u0440\u0431\u0435 \u0438 \u043c\u043e\u043b\u0438\u0442\u0432\u0435 \u0443 \u0443\u043c\u0435\u0442\u043d\u0438\u0447\u043a\u0438\u043c \u0440\u0430\u0434\u043e\u0432\u0438\u043c\u0430 \u0438\u0437 \u0437\u0431\u0438\u0440\u043a\u0435 \u041c\u041d\u041c\u0423 - \u041c\u041d\u041c\u0423","isPartOf":{"@id":"https:\/\/mnmu.rs\/#website"},"primaryImageOfPage":{"@id":"https:\/\/mnmu.rs\/izlozbe\/snaga-volje-motivi-borbe-i-molitve-u-umetnickim-radovima-iz-zbirke-mnmu\/#primaryimage"},"image":{"@id":"https:\/\/mnmu.rs\/izlozbe\/snaga-volje-motivi-borbe-i-molitve-u-umetnickim-radovima-iz-zbirke-mnmu\/#primaryimage"},"thumbnailUrl":"https:\/\/mnmu.rs\/wp-content\/uploads\/E-pozivnica.jpg","datePublished":"2025-03-03T08:53:35+00:00","dateModified":"2025-11-13T15:04:24+00:00","breadcrumb":{"@id":"https:\/\/mnmu.rs\/izlozbe\/snaga-volje-motivi-borbe-i-molitve-u-umetnickim-radovima-iz-zbirke-mnmu\/#breadcrumb"},"inLanguage":"en-US","potentialAction":[{"@type":"ReadAction","target":["https:\/\/mnmu.rs\/izlozbe\/snaga-volje-motivi-borbe-i-molitve-u-umetnickim-radovima-iz-zbirke-mnmu\/"]}]},{"@type":"ImageObject","inLanguage":"en-US","@id":"https:\/\/mnmu.rs\/izlozbe\/snaga-volje-motivi-borbe-i-molitve-u-umetnickim-radovima-iz-zbirke-mnmu\/#primaryimage","url":"https:\/\/mnmu.rs\/wp-content\/uploads\/E-pozivnica.jpg","contentUrl":"https:\/\/mnmu.rs\/wp-content\/uploads\/E-pozivnica.jpg","width":1746,"height":1557},{"@type":"BreadcrumbList","@id":"https:\/\/mnmu.rs\/izlozbe\/snaga-volje-motivi-borbe-i-molitve-u-umetnickim-radovima-iz-zbirke-mnmu\/#breadcrumb","itemListElement":[{"@type":"ListItem","position":1,"name":"\u041f\u043e\u0447\u0435\u0442\u043d\u0430","item":"https:\/\/mnmu.rs\/"},{"@type":"ListItem","position":2,"name":"\u0418\u0417\u041b\u041e\u0416\u0411\u0415","item":"https:\/\/mnmu.rs\/izlozbe\/"},{"@type":"ListItem","position":3,"name":"\u0421\u041d\u0410\u0413\u0410 \u0412\u041e\u0409\u0415 \u041c\u043e\u0442\u0438\u0432\u0438 \u0431\u043e\u0440\u0431\u0435 \u0438 \u043c\u043e\u043b\u0438\u0442\u0432\u0435 \u0443 \u0443\u043c\u0435\u0442\u043d\u0438\u0447\u043a\u0438\u043c \u0440\u0430\u0434\u043e\u0432\u0438\u043c\u0430 \u0438\u0437 \u0437\u0431\u0438\u0440\u043a\u0435 \u041c\u041d\u041c\u0423"}]},{"@type":"WebSite","@id":"https:\/\/mnmu.rs\/#website","url":"https:\/\/mnmu.rs\/","name":"\u041c\u041d\u041c\u0423","description":"\u041c\u0443\u0437\u0435\u0458 \u043d\u0430\u0438\u0432\u043d\u0435 \u0438 \u043c\u0430\u0440\u0433\u0438\u043d\u0430\u043b\u043d\u0435 \u0443\u043c\u0435\u0442\u043d\u043e\u0441\u0442\u0438","publisher":{"@id":"https:\/\/mnmu.rs\/#organization"},"potentialAction":[{"@type":"SearchAction","target":{"@type":"EntryPoint","urlTemplate":"https:\/\/mnmu.rs\/?s={search_term_string}"},"query-input":{"@type":"PropertyValueSpecification","valueRequired":true,"valueName":"search_term_string"}}],"inLanguage":"en-US"},{"@type":"Organization","@id":"https:\/\/mnmu.rs\/#organization","name":"\u041c\u041d\u041c\u0423","url":"https:\/\/mnmu.rs\/","logo":{"@type":"ImageObject","inLanguage":"en-US","@id":"https:\/\/mnmu.rs\/#\/schema\/logo\/image\/","url":"https:\/\/mnmu.rs\/wp-content\/uploads\/2019\/01\/Logo-MNMU-1-2-e1663202065107.jpg","contentUrl":"https:\/\/mnmu.rs\/wp-content\/uploads\/2019\/01\/Logo-MNMU-1-2-e1663202065107.jpg","width":300,"height":262,"caption":"\u041c\u041d\u041c\u0423"},"image":{"@id":"https:\/\/mnmu.rs\/#\/schema\/logo\/image\/"},"sameAs":["https:\/\/www.facebook.com\/muzejnaivneimarginalneumetnosti","https:\/\/www.youtube.com\/channel\/UCtww058_pFjWYHx2rDvTZVw","https:\/\/www.instagram.com\/museumofnaivemarginalart\/?igshid=YmMyMTA2M2Y"]}]}},"_links":{"self":[{"href":"https:\/\/mnmu.rs\/en\/wp-json\/wp\/v2\/pages\/14106","targetHints":{"allow":["GET"]}}],"collection":[{"href":"https:\/\/mnmu.rs\/en\/wp-json\/wp\/v2\/pages"}],"about":[{"href":"https:\/\/mnmu.rs\/en\/wp-json\/wp\/v2\/types\/page"}],"author":[{"embeddable":true,"href":"https:\/\/mnmu.rs\/en\/wp-json\/wp\/v2\/users\/5"}],"replies":[{"embeddable":true,"href":"https:\/\/mnmu.rs\/en\/wp-json\/wp\/v2\/comments?post=14106"}],"version-history":[{"count":31,"href":"https:\/\/mnmu.rs\/en\/wp-json\/wp\/v2\/pages\/14106\/revisions"}],"predecessor-version":[{"id":16443,"href":"https:\/\/mnmu.rs\/en\/wp-json\/wp\/v2\/pages\/14106\/revisions\/16443"}],"up":[{"embeddable":true,"href":"https:\/\/mnmu.rs\/en\/wp-json\/wp\/v2\/pages\/2469"}],"wp:featuredmedia":[{"embeddable":true,"href":"https:\/\/mnmu.rs\/en\/wp-json\/wp\/v2\/media\/11286"}],"wp:attachment":[{"href":"https:\/\/mnmu.rs\/en\/wp-json\/wp\/v2\/media?parent=14106"}],"curies":[{"name":"wp","href":"https:\/\/api.w.org\/{rel}","templated":true}]}}