{"id":14979,"date":"2025-05-09T11:05:37","date_gmt":"2025-05-09T10:05:37","guid":{"rendered":"https:\/\/mnmu.rs\/?page_id=14979"},"modified":"2025-05-09T11:09:53","modified_gmt":"2025-05-09T10:09:53","slug":"promocija-kataloga-automatski-crtez-povodom-stogodisnjice-nadrealizma","status":"publish","type":"page","link":"https:\/\/mnmu.rs\/en\/prateci-projekti\/promocija-kataloga-automatski-crtez-povodom-stogodisnjice-nadrealizma\/","title":{"rendered":"\u041f\u0440\u043e\u043c\u043e\u0446\u0438\u0458\u0430 \u043a\u0430\u0442\u0430\u043b\u043e\u0433\u0430 \u0410\u0443\u0442\u043e\u043c\u0430\u0442\u0441\u043a\u0438 \u0446\u0440\u0442\u0435\u0436 &#8211; \u043f\u043e\u0432\u043e\u0434\u043e\u043c \u0441\u0442\u043e\u0433\u043e\u0434\u0438\u0448\u045a\u0438\u0446\u0435 \u043d\u0430\u0434\u0440\u0435\u0430\u043b\u0438\u0437\u043c\u0430"},"content":{"rendered":"<div data-elementor-type=\"wp-page\" data-elementor-id=\"14979\" class=\"elementor elementor-14979\" data-elementor-post-type=\"page\">\n\t\t\t\t<div class=\"elementor-element elementor-element-55d8642 e-flex e-con-boxed e-con e-parent\" data-id=\"55d8642\" data-element_type=\"container\">\n\t\t\t\t\t<div class=\"e-con-inner\">\n\t\t\t\t<div class=\"elementor-element elementor-element-fd885d8 elementor-widget elementor-widget-heading\" data-id=\"fd885d8\" data-element_type=\"widget\" data-widget_type=\"heading.default\">\n\t\t\t\t<div class=\"elementor-widget-container\">\n\t\t\t\t\t<span class=\"elementor-heading-title elementor-size-default\">Promotion of the Catalogue: Automatic Drawing \u2013 On the Occasion of the Centennial of Surrealism\nOto Bihalji-Merin Salon, Belgrade <\/span>\t\t\t\t<\/div>\n\t\t\t\t<\/div>\n\t\t\t\t\t<\/div>\n\t\t\t\t<\/div>\n\t\t<div class=\"elementor-element elementor-element-7fc6c8c e-flex e-con-boxed e-con e-parent\" data-id=\"7fc6c8c\" data-element_type=\"container\">\n\t\t\t\t\t<div class=\"e-con-inner\">\n\t\t<div class=\"elementor-element elementor-element-9ee675d e-con-full e-flex e-con e-child\" data-id=\"9ee675d\" data-element_type=\"container\">\n\t\t<div class=\"elementor-element elementor-element-71122dc e-flex e-con-boxed e-con e-child\" data-id=\"71122dc\" data-element_type=\"container\">\n\t\t\t\t\t<div class=\"e-con-inner\">\n\t\t\t\t<div class=\"elementor-element elementor-element-670d2fa elementor-widget elementor-widget-image\" data-id=\"670d2fa\" data-element_type=\"widget\" data-widget_type=\"image.default\">\n\t\t\t\t<div class=\"elementor-widget-container\">\n\t\t\t\t\t\t\t\t\t\t\t\t\t\t\t<img fetchpriority=\"high\" decoding=\"async\" width=\"426\" height=\"596\" src=\"https:\/\/mnmu.rs\/wp-content\/uploads\/Najava-15x21cm.jpg\" class=\"attachment-large size-large wp-image-13194\" alt=\"\u0410\u0443\u0442\u043e\u043c\u0430\u0442\u0441\u043a\u0438 \u0446\u0440\u0442\u0435\u0436 \u2013 \u043f\u043e\u0432\u043e\u0434\u043e\u043c \u0441\u0442\u043e\u0433\u043e\u0434\u0438\u0448\u045a\u0438\u0446\u0435 \u043d\u0430\u0434\u0440\u0435\u0430\u043b\u0438\u0437\u043c\u0430\" srcset=\"https:\/\/mnmu.rs\/wp-content\/uploads\/Najava-15x21cm.jpg 426w, https:\/\/mnmu.rs\/wp-content\/uploads\/Najava-15x21cm-214x300.jpg 214w, https:\/\/mnmu.rs\/wp-content\/uploads\/Najava-15x21cm-9x12.jpg 9w\" sizes=\"(max-width: 426px) 100vw, 426px\" \/>\t\t\t\t\t\t\t\t\t\t\t\t\t\t\t<\/div>\n\t\t\t\t<\/div>\n\t\t\t\t\t<\/div>\n\t\t\t\t<\/div>\n\t\t<div class=\"elementor-element elementor-element-6b7d410 e-flex e-con-boxed e-con e-child\" data-id=\"6b7d410\" data-element_type=\"container\">\n\t\t\t\t\t<div class=\"e-con-inner\">\n\t\t\t\t\t<\/div>\n\t\t\t\t<\/div>\n\t\t<div class=\"elementor-element elementor-element-e86e26d e-flex e-con-boxed e-con e-child\" data-id=\"e86e26d\" data-element_type=\"container\">\n\t\t\t\t\t<div class=\"e-con-inner\">\n\t\t\t\t\t<\/div>\n\t\t\t\t<\/div>\n\t\t\t\t<\/div>\n\t\t<div class=\"elementor-element elementor-element-08975db e-con-full e-flex e-con e-child\" data-id=\"08975db\" data-element_type=\"container\">\n\t\t\t\t<div class=\"elementor-element elementor-element-aff4e7c elementor-widget elementor-widget-text-editor\" data-id=\"aff4e7c\" data-element_type=\"widget\" data-widget_type=\"text-editor.default\">\n\t\t\t\t<div class=\"elementor-widget-container\">\n\t\t\t\t\t\t\t\t\t<p>\u0423 \u043f\u0435\u0442\u0430\u043a 15. \u043d\u043e\u0432\u0435\u043c\u0431\u0440\u0430 \u0443 18 \u0447\u0430\u0441\u043e\u0432\u0430 \u0443 \u0421\u0430\u043b\u043e\u043d\u0443 \u041e\u0442\u043e \u0411\u0438\u0445\u0430\u0459\u0438-\u041c\u0430\u0440\u0438\u043d \u043e\u0434\u0440\u0436\u0430\u043d\u0430 \u0458\u0435 \u043f\u0440\u043e\u043c\u043e\u0446\u0438\u0458\u0430 \u043a\u0430\u0442\u0430\u043b\u043e\u0433\u0430 \u0443 \u043e\u043a\u0432\u0438\u0440\u0443 \u0438\u0437\u043b\u043e\u0436\u0431\u0435 &#8222;\u0410\u0443\u0442\u043e\u043c\u0430\u0442\u0441\u043a\u0438 \u0446\u0440\u0442\u0435\u0436 &#8211; \u043f\u043e\u0432\u043e\u0434\u043e\u043c \u0441\u0442\u043e\u0433\u043e\u0434\u0438\u0448\u045a\u0438\u0446\u0435 \u043d\u0430\u0434\u0440\u0435\u0430\u043b\u0438\u0437\u043c\u0430 &#8220; \u0421\u0435\u043b\u043c\u0430\u043d\u0430 \u0422\u0440\u0442\u043e\u0432\u0446\u0430 \u0438 \u0413\u043e\u0440\u0430\u043d\u0430 \u0421\u0442\u043e\u0458\u0447\u0435\u0442\u043e\u0432\u0438\u045b\u0430.<\/p><p>In addition to the artists, the speakers at the event included: <br \/>Ivana Ba\u0161i\u010devi\u0107 Anti\u0107, Phd the exhibition curator and director of the Museum of Na\u00efve and Marginal Art (MNMA), and Una Popovi\u0107, senior curator at the Museum of Contemporary Art in Belgrade.<\/p><p>Since the emergence of Surrealism, automatic drawing has been associated with the idea of accessing the unconscious. Trtovac entirely abandons traditional drawing techniques by moving into the realm of drawing transferred into the domain of the artist\u2019s body or spirit, aiming to follow the input of that body or spirit exclusively\u2014rendering the process nearly automatic.\nGoran Stoj\u010detovi\u0107 approaches drawing from a completely different perspective. The dissatisfaction he experienced while \u201clearning\u201d art at the academy marked the beginning of his departure from the academically defined role of the artist. At the same time, his life circumstances\u2014most notably the direct encounter with the destruction of society and the state on the territory of Kosovo, where the artist was born and lived\u2014along with his firsthand insight into the rising tensions among people, left a mark that turned into a simultaneous quest for meaning and inner peace.<\/p>\t\t\t\t\t\t\t\t<\/div>\n\t\t\t\t<\/div>\n\t\t\t\t<\/div>\n\t\t\t\t\t<\/div>\n\t\t\t\t<\/div>\n\t\t\t\t<\/div>","protected":false},"excerpt":{"rendered":"<p>\u041f\u0440\u043e\u043c\u043e\u0446\u0438\u0458\u0430 \u043a\u0430\u0442\u0430\u043b\u043e\u0433\u0430 &#8222;\u0410\u0443\u0442\u043e\u043c\u0430\u0442\u0441\u043a\u0438 \u0446\u0440\u0442\u0435\u0436 &#8211; \u043f\u043e\u0432\u043e\u0434\u043e\u043c \u0441\u0442\u043e\u0433\u043e\u0434\u0438\u0448\u045a\u0438\u0446\u0435 \u043d\u0430\u0434\u0440\u0435\u0430\u043b\u0438\u0437\u043c\u0430 &#8222; \u0423 \u043f\u0435\u0442\u0430\u043a 15. \u043d\u043e\u0432\u0435\u043c\u0431\u0440\u0430 \u0443 18 \u0447\u0430\u0441\u043e\u0432\u0430 \u0443 \u0421\u0430\u043b\u043e\u043d\u0443 \u041e\u0442\u043e \u0411\u0438\u0445\u0430\u0459\u0438-\u041c\u0430\u0440\u0438\u043d \u043e\u0434\u0440\u0436\u0430\u043d\u0430 \u0458\u0435 \u043f\u0440\u043e\u043c\u043e\u0446\u0438\u0458\u0430 \u043a\u0430\u0442\u0430\u043b\u043e\u0433\u0430 \u0443 \u043e\u043a\u0432\u0438\u0440\u0443 \u0438\u0437\u043b\u043e\u0436\u0431\u0435 &#8222;\u0410\u0443\u0442\u043e\u043c\u0430\u0442\u0441\u043a\u0438 \u0446\u0440\u0442\u0435\u0436 &#8211; \u043f\u043e\u0432\u043e\u0434\u043e\u043c \u0441\u0442\u043e\u0433\u043e\u0434\u0438\u0448\u045a\u0438\u0446\u0435 \u043d\u0430\u0434\u0440\u0435\u0430\u043b\u0438\u0437\u043c\u0430 &#8220; \u0421\u0435\u043b\u043c\u0430\u043d\u0430 \u0422\u0440\u0442\u043e\u0432\u0446\u0430 \u0438 \u0413\u043e\u0440\u0430\u043d\u0430 \u0421\u0442\u043e\u0458\u0447\u0435\u0442\u043e\u0432\u0438\u045b\u0430. \u041f\u043e\u0440\u0435\u0434 \u0443\u043c\u0435\u0442\u043d\u0438\u043a\u0430 \u043d\u0430 \u043f\u0440\u043e\u043c\u043e\u0446\u0438\u0458\u0438 \u0433\u043e\u0432\u043e\u0440\u0438\u043b\u0438 \u0441\u0443: \u0434\u0440 \u0418\u0432\u0430\u043d\u0430 \u0411\u0430\u0448\u0438\u0447\u0435\u0432\u0438\u045b \u0410\u043d\u0442\u0438\u045b, \u0430\u0443\u0442\u043e\u0440\u043a\u0430 \u0438\u0437\u043b\u043e\u0436\u0431\u0435 \u0438 \u0434\u0438\u0440\u0435\u043a\u0442\u043e\u0440\u043a\u0430 \u041c\u041d\u041c\u0423, \u0438 [&hellip;]<\/p>","protected":false},"author":2,"featured_media":9553,"parent":7601,"menu_order":0,"comment_status":"closed","ping_status":"closed","template":"","meta":{"footnotes":""},"class_list":["post-14979","page","type-page","status-publish","has-post-thumbnail","hentry"],"yoast_head":"<!-- This site is optimized with the Yoast SEO plugin v26.5 - https:\/\/yoast.com\/wordpress\/plugins\/seo\/ -->\n<title>\u041f\u0440\u043e\u043c\u043e\u0446\u0438\u0458\u0430 \u043a\u0430\u0442\u0430\u043b\u043e\u0433\u0430 \u0410\u0443\u0442\u043e\u043c\u0430\u0442\u0441\u043a\u0438 \u0446\u0440\u0442\u0435\u0436 - \u043f\u043e\u0432\u043e\u0434\u043e\u043c \u0441\u0442\u043e\u0433\u043e\u0434\u0438\u0448\u045a\u0438\u0446\u0435 \u043d\u0430\u0434\u0440\u0435\u0430\u043b\u0438\u0437\u043c\u0430 - \u041c\u041d\u041c\u0423<\/title>\n<meta name=\"robots\" content=\"index, follow, max-snippet:-1, max-image-preview:large, max-video-preview:-1\" \/>\n<link rel=\"canonical\" href=\"https:\/\/mnmu.rs\/en\/prateci-projekti\/promocija-kataloga-automatski-crtez-povodom-stogodisnjice-nadrealizma\/\" \/>\n<meta property=\"og:locale\" content=\"en_US\" \/>\n<meta property=\"og:type\" content=\"article\" \/>\n<meta property=\"og:title\" content=\"\u041f\u0440\u043e\u043c\u043e\u0446\u0438\u0458\u0430 \u043a\u0430\u0442\u0430\u043b\u043e\u0433\u0430 \u0410\u0443\u0442\u043e\u043c\u0430\u0442\u0441\u043a\u0438 \u0446\u0440\u0442\u0435\u0436 - \u043f\u043e\u0432\u043e\u0434\u043e\u043c \u0441\u0442\u043e\u0433\u043e\u0434\u0438\u0448\u045a\u0438\u0446\u0435 \u043d\u0430\u0434\u0440\u0435\u0430\u043b\u0438\u0437\u043c\u0430 - \u041c\u041d\u041c\u0423\" \/>\n<meta property=\"og:description\" content=\"\u041f\u0440\u043e\u043c\u043e\u0446\u0438\u0458\u0430 \u043a\u0430\u0442\u0430\u043b\u043e\u0433\u0430 &#8222;\u0410\u0443\u0442\u043e\u043c\u0430\u0442\u0441\u043a\u0438 \u0446\u0440\u0442\u0435\u0436 &#8211; \u043f\u043e\u0432\u043e\u0434\u043e\u043c \u0441\u0442\u043e\u0433\u043e\u0434\u0438\u0448\u045a\u0438\u0446\u0435 \u043d\u0430\u0434\u0440\u0435\u0430\u043b\u0438\u0437\u043c\u0430 &#8222; \u0423 \u043f\u0435\u0442\u0430\u043a 15. \u043d\u043e\u0432\u0435\u043c\u0431\u0440\u0430 \u0443 18 \u0447\u0430\u0441\u043e\u0432\u0430 \u0443 \u0421\u0430\u043b\u043e\u043d\u0443 \u041e\u0442\u043e \u0411\u0438\u0445\u0430\u0459\u0438-\u041c\u0430\u0440\u0438\u043d \u043e\u0434\u0440\u0436\u0430\u043d\u0430 \u0458\u0435 \u043f\u0440\u043e\u043c\u043e\u0446\u0438\u0458\u0430 \u043a\u0430\u0442\u0430\u043b\u043e\u0433\u0430 \u0443 \u043e\u043a\u0432\u0438\u0440\u0443 \u0438\u0437\u043b\u043e\u0436\u0431\u0435 &#8222;\u0410\u0443\u0442\u043e\u043c\u0430\u0442\u0441\u043a\u0438 \u0446\u0440\u0442\u0435\u0436 &#8211; \u043f\u043e\u0432\u043e\u0434\u043e\u043c \u0441\u0442\u043e\u0433\u043e\u0434\u0438\u0448\u045a\u0438\u0446\u0435 \u043d\u0430\u0434\u0440\u0435\u0430\u043b\u0438\u0437\u043c\u0430 &#8220; \u0421\u0435\u043b\u043c\u0430\u043d\u0430 \u0422\u0440\u0442\u043e\u0432\u0446\u0430 \u0438 \u0413\u043e\u0440\u0430\u043d\u0430 \u0421\u0442\u043e\u0458\u0447\u0435\u0442\u043e\u0432\u0438\u045b\u0430. \u041f\u043e\u0440\u0435\u0434 \u0443\u043c\u0435\u0442\u043d\u0438\u043a\u0430 \u043d\u0430 \u043f\u0440\u043e\u043c\u043e\u0446\u0438\u0458\u0438 \u0433\u043e\u0432\u043e\u0440\u0438\u043b\u0438 \u0441\u0443: \u0434\u0440 \u0418\u0432\u0430\u043d\u0430 \u0411\u0430\u0448\u0438\u0447\u0435\u0432\u0438\u045b \u0410\u043d\u0442\u0438\u045b, \u0430\u0443\u0442\u043e\u0440\u043a\u0430 \u0438\u0437\u043b\u043e\u0436\u0431\u0435 \u0438 \u0434\u0438\u0440\u0435\u043a\u0442\u043e\u0440\u043a\u0430 \u041c\u041d\u041c\u0423, \u0438 [&hellip;]\" \/>\n<meta property=\"og:url\" content=\"https:\/\/mnmu.rs\/en\/prateci-projekti\/promocija-kataloga-automatski-crtez-povodom-stogodisnjice-nadrealizma\/\" \/>\n<meta property=\"og:site_name\" content=\"\u041c\u041d\u041c\u0423\" \/>\n<meta property=\"article:publisher\" content=\"https:\/\/www.facebook.com\/muzejnaivneimarginalneumetnosti\" \/>\n<meta property=\"article:modified_time\" content=\"2025-05-09T10:09:53+00:00\" \/>\n<meta property=\"og:image\" content=\"https:\/\/mnmu.rs\/wp-content\/uploads\/1.-Medium.jpg\" \/>\n\t<meta property=\"og:image:width\" content=\"1152\" \/>\n\t<meta property=\"og:image:height\" content=\"768\" \/>\n\t<meta property=\"og:image:type\" content=\"image\/jpeg\" \/>\n<meta name=\"twitter:card\" content=\"summary_large_image\" \/>\n<meta name=\"twitter:label1\" content=\"Est. reading time\" \/>\n\t<meta name=\"twitter:data1\" content=\"2 minutes\" \/>\n<script type=\"application\/ld+json\" class=\"yoast-schema-graph\">{\"@context\":\"https:\/\/schema.org\",\"@graph\":[{\"@type\":\"WebPage\",\"@id\":\"https:\/\/mnmu.rs\/prateci-projekti\/promocija-kataloga-automatski-crtez-povodom-stogodisnjice-nadrealizma\/\",\"url\":\"https:\/\/mnmu.rs\/prateci-projekti\/promocija-kataloga-automatski-crtez-povodom-stogodisnjice-nadrealizma\/\",\"name\":\"\u041f\u0440\u043e\u043c\u043e\u0446\u0438\u0458\u0430 \u043a\u0430\u0442\u0430\u043b\u043e\u0433\u0430 \u0410\u0443\u0442\u043e\u043c\u0430\u0442\u0441\u043a\u0438 \u0446\u0440\u0442\u0435\u0436 - \u043f\u043e\u0432\u043e\u0434\u043e\u043c \u0441\u0442\u043e\u0433\u043e\u0434\u0438\u0448\u045a\u0438\u0446\u0435 \u043d\u0430\u0434\u0440\u0435\u0430\u043b\u0438\u0437\u043c\u0430 - \u041c\u041d\u041c\u0423\",\"isPartOf\":{\"@id\":\"https:\/\/mnmu.rs\/#website\"},\"primaryImageOfPage\":{\"@id\":\"https:\/\/mnmu.rs\/prateci-projekti\/promocija-kataloga-automatski-crtez-povodom-stogodisnjice-nadrealizma\/#primaryimage\"},\"image\":{\"@id\":\"https:\/\/mnmu.rs\/prateci-projekti\/promocija-kataloga-automatski-crtez-povodom-stogodisnjice-nadrealizma\/#primaryimage\"},\"thumbnailUrl\":\"https:\/\/mnmu.rs\/wp-content\/uploads\/1.-Medium.jpg\",\"datePublished\":\"2025-05-09T10:05:37+00:00\",\"dateModified\":\"2025-05-09T10:09:53+00:00\",\"breadcrumb\":{\"@id\":\"https:\/\/mnmu.rs\/prateci-projekti\/promocija-kataloga-automatski-crtez-povodom-stogodisnjice-nadrealizma\/#breadcrumb\"},\"inLanguage\":\"en-US\",\"potentialAction\":[{\"@type\":\"ReadAction\",\"target\":[\"https:\/\/mnmu.rs\/prateci-projekti\/promocija-kataloga-automatski-crtez-povodom-stogodisnjice-nadrealizma\/\"]}]},{\"@type\":\"ImageObject\",\"inLanguage\":\"en-US\",\"@id\":\"https:\/\/mnmu.rs\/prateci-projekti\/promocija-kataloga-automatski-crtez-povodom-stogodisnjice-nadrealizma\/#primaryimage\",\"url\":\"https:\/\/mnmu.rs\/wp-content\/uploads\/1.-Medium.jpg\",\"contentUrl\":\"https:\/\/mnmu.rs\/wp-content\/uploads\/1.-Medium.jpg\",\"width\":1152,\"height\":768},{\"@type\":\"BreadcrumbList\",\"@id\":\"https:\/\/mnmu.rs\/prateci-projekti\/promocija-kataloga-automatski-crtez-povodom-stogodisnjice-nadrealizma\/#breadcrumb\",\"itemListElement\":[{\"@type\":\"ListItem\",\"position\":1,\"name\":\"\u041f\u043e\u0447\u0435\u0442\u043d\u0430\",\"item\":\"https:\/\/mnmu.rs\/\"},{\"@type\":\"ListItem\",\"position\":2,\"name\":\"\u041f\u0420\u0410\u0422\u0415\u040b\u0418 \u041f\u0420\u041e\u0408\u0415\u041a\u0422\u0418\",\"item\":\"https:\/\/mnmu.rs\/prateci-projekti\/\"},{\"@type\":\"ListItem\",\"position\":3,\"name\":\"\u041f\u0440\u043e\u043c\u043e\u0446\u0438\u0458\u0430 \u043a\u0430\u0442\u0430\u043b\u043e\u0433\u0430 \u0410\u0443\u0442\u043e\u043c\u0430\u0442\u0441\u043a\u0438 \u0446\u0440\u0442\u0435\u0436 &#8211; \u043f\u043e\u0432\u043e\u0434\u043e\u043c \u0441\u0442\u043e\u0433\u043e\u0434\u0438\u0448\u045a\u0438\u0446\u0435 \u043d\u0430\u0434\u0440\u0435\u0430\u043b\u0438\u0437\u043c\u0430\"}]},{\"@type\":\"WebSite\",\"@id\":\"https:\/\/mnmu.rs\/#website\",\"url\":\"https:\/\/mnmu.rs\/\",\"name\":\"\u041c\u041d\u041c\u0423\",\"description\":\"\u041c\u0443\u0437\u0435\u0458 \u043d\u0430\u0438\u0432\u043d\u0435 \u0438 \u043c\u0430\u0440\u0433\u0438\u043d\u0430\u043b\u043d\u0435 \u0443\u043c\u0435\u0442\u043d\u043e\u0441\u0442\u0438\",\"publisher\":{\"@id\":\"https:\/\/mnmu.rs\/#organization\"},\"potentialAction\":[{\"@type\":\"SearchAction\",\"target\":{\"@type\":\"EntryPoint\",\"urlTemplate\":\"https:\/\/mnmu.rs\/?s={search_term_string}\"},\"query-input\":{\"@type\":\"PropertyValueSpecification\",\"valueRequired\":true,\"valueName\":\"search_term_string\"}}],\"inLanguage\":\"en-US\"},{\"@type\":\"Organization\",\"@id\":\"https:\/\/mnmu.rs\/#organization\",\"name\":\"\u041c\u041d\u041c\u0423\",\"url\":\"https:\/\/mnmu.rs\/\",\"logo\":{\"@type\":\"ImageObject\",\"inLanguage\":\"en-US\",\"@id\":\"https:\/\/mnmu.rs\/#\/schema\/logo\/image\/\",\"url\":\"https:\/\/mnmu.rs\/wp-content\/uploads\/2019\/01\/Logo-MNMU-1-2-e1663202065107.jpg\",\"contentUrl\":\"https:\/\/mnmu.rs\/wp-content\/uploads\/2019\/01\/Logo-MNMU-1-2-e1663202065107.jpg\",\"width\":300,\"height\":262,\"caption\":\"\u041c\u041d\u041c\u0423\"},\"image\":{\"@id\":\"https:\/\/mnmu.rs\/#\/schema\/logo\/image\/\"},\"sameAs\":[\"https:\/\/www.facebook.com\/muzejnaivneimarginalneumetnosti\",\"https:\/\/www.youtube.com\/channel\/UCtww058_pFjWYHx2rDvTZVw\",\"https:\/\/www.instagram.com\/museumofnaivemarginalart\/?igshid=YmMyMTA2M2Y\"]}]}<\/script>\n<!-- \/ Yoast SEO plugin. -->","yoast_head_json":{"title":"\u041f\u0440\u043e\u043c\u043e\u0446\u0438\u0458\u0430 \u043a\u0430\u0442\u0430\u043b\u043e\u0433\u0430 \u0410\u0443\u0442\u043e\u043c\u0430\u0442\u0441\u043a\u0438 \u0446\u0440\u0442\u0435\u0436 - \u043f\u043e\u0432\u043e\u0434\u043e\u043c \u0441\u0442\u043e\u0433\u043e\u0434\u0438\u0448\u045a\u0438\u0446\u0435 \u043d\u0430\u0434\u0440\u0435\u0430\u043b\u0438\u0437\u043c\u0430 - \u041c\u041d\u041c\u0423","robots":{"index":"index","follow":"follow","max-snippet":"max-snippet:-1","max-image-preview":"max-image-preview:large","max-video-preview":"max-video-preview:-1"},"canonical":"https:\/\/mnmu.rs\/en\/prateci-projekti\/promocija-kataloga-automatski-crtez-povodom-stogodisnjice-nadrealizma\/","og_locale":"en_US","og_type":"article","og_title":"\u041f\u0440\u043e\u043c\u043e\u0446\u0438\u0458\u0430 \u043a\u0430\u0442\u0430\u043b\u043e\u0433\u0430 \u0410\u0443\u0442\u043e\u043c\u0430\u0442\u0441\u043a\u0438 \u0446\u0440\u0442\u0435\u0436 - \u043f\u043e\u0432\u043e\u0434\u043e\u043c \u0441\u0442\u043e\u0433\u043e\u0434\u0438\u0448\u045a\u0438\u0446\u0435 \u043d\u0430\u0434\u0440\u0435\u0430\u043b\u0438\u0437\u043c\u0430 - \u041c\u041d\u041c\u0423","og_description":"\u041f\u0440\u043e\u043c\u043e\u0446\u0438\u0458\u0430 \u043a\u0430\u0442\u0430\u043b\u043e\u0433\u0430 &#8222;\u0410\u0443\u0442\u043e\u043c\u0430\u0442\u0441\u043a\u0438 \u0446\u0440\u0442\u0435\u0436 &#8211; \u043f\u043e\u0432\u043e\u0434\u043e\u043c \u0441\u0442\u043e\u0433\u043e\u0434\u0438\u0448\u045a\u0438\u0446\u0435 \u043d\u0430\u0434\u0440\u0435\u0430\u043b\u0438\u0437\u043c\u0430 &#8222; \u0423 \u043f\u0435\u0442\u0430\u043a 15. \u043d\u043e\u0432\u0435\u043c\u0431\u0440\u0430 \u0443 18 \u0447\u0430\u0441\u043e\u0432\u0430 \u0443 \u0421\u0430\u043b\u043e\u043d\u0443 \u041e\u0442\u043e \u0411\u0438\u0445\u0430\u0459\u0438-\u041c\u0430\u0440\u0438\u043d \u043e\u0434\u0440\u0436\u0430\u043d\u0430 \u0458\u0435 \u043f\u0440\u043e\u043c\u043e\u0446\u0438\u0458\u0430 \u043a\u0430\u0442\u0430\u043b\u043e\u0433\u0430 \u0443 \u043e\u043a\u0432\u0438\u0440\u0443 \u0438\u0437\u043b\u043e\u0436\u0431\u0435 &#8222;\u0410\u0443\u0442\u043e\u043c\u0430\u0442\u0441\u043a\u0438 \u0446\u0440\u0442\u0435\u0436 &#8211; \u043f\u043e\u0432\u043e\u0434\u043e\u043c \u0441\u0442\u043e\u0433\u043e\u0434\u0438\u0448\u045a\u0438\u0446\u0435 \u043d\u0430\u0434\u0440\u0435\u0430\u043b\u0438\u0437\u043c\u0430 &#8220; \u0421\u0435\u043b\u043c\u0430\u043d\u0430 \u0422\u0440\u0442\u043e\u0432\u0446\u0430 \u0438 \u0413\u043e\u0440\u0430\u043d\u0430 \u0421\u0442\u043e\u0458\u0447\u0435\u0442\u043e\u0432\u0438\u045b\u0430. \u041f\u043e\u0440\u0435\u0434 \u0443\u043c\u0435\u0442\u043d\u0438\u043a\u0430 \u043d\u0430 \u043f\u0440\u043e\u043c\u043e\u0446\u0438\u0458\u0438 \u0433\u043e\u0432\u043e\u0440\u0438\u043b\u0438 \u0441\u0443: \u0434\u0440 \u0418\u0432\u0430\u043d\u0430 \u0411\u0430\u0448\u0438\u0447\u0435\u0432\u0438\u045b \u0410\u043d\u0442\u0438\u045b, \u0430\u0443\u0442\u043e\u0440\u043a\u0430 \u0438\u0437\u043b\u043e\u0436\u0431\u0435 \u0438 \u0434\u0438\u0440\u0435\u043a\u0442\u043e\u0440\u043a\u0430 \u041c\u041d\u041c\u0423, \u0438 [&hellip;]","og_url":"https:\/\/mnmu.rs\/en\/prateci-projekti\/promocija-kataloga-automatski-crtez-povodom-stogodisnjice-nadrealizma\/","og_site_name":"\u041c\u041d\u041c\u0423","article_publisher":"https:\/\/www.facebook.com\/muzejnaivneimarginalneumetnosti","article_modified_time":"2025-05-09T10:09:53+00:00","og_image":[{"width":1152,"height":768,"url":"https:\/\/mnmu.rs\/wp-content\/uploads\/1.-Medium.jpg","type":"image\/jpeg"}],"twitter_card":"summary_large_image","twitter_misc":{"Est. reading time":"2 minutes"},"schema":{"@context":"https:\/\/schema.org","@graph":[{"@type":"WebPage","@id":"https:\/\/mnmu.rs\/prateci-projekti\/promocija-kataloga-automatski-crtez-povodom-stogodisnjice-nadrealizma\/","url":"https:\/\/mnmu.rs\/prateci-projekti\/promocija-kataloga-automatski-crtez-povodom-stogodisnjice-nadrealizma\/","name":"\u041f\u0440\u043e\u043c\u043e\u0446\u0438\u0458\u0430 \u043a\u0430\u0442\u0430\u043b\u043e\u0433\u0430 \u0410\u0443\u0442\u043e\u043c\u0430\u0442\u0441\u043a\u0438 \u0446\u0440\u0442\u0435\u0436 - \u043f\u043e\u0432\u043e\u0434\u043e\u043c \u0441\u0442\u043e\u0433\u043e\u0434\u0438\u0448\u045a\u0438\u0446\u0435 \u043d\u0430\u0434\u0440\u0435\u0430\u043b\u0438\u0437\u043c\u0430 - \u041c\u041d\u041c\u0423","isPartOf":{"@id":"https:\/\/mnmu.rs\/#website"},"primaryImageOfPage":{"@id":"https:\/\/mnmu.rs\/prateci-projekti\/promocija-kataloga-automatski-crtez-povodom-stogodisnjice-nadrealizma\/#primaryimage"},"image":{"@id":"https:\/\/mnmu.rs\/prateci-projekti\/promocija-kataloga-automatski-crtez-povodom-stogodisnjice-nadrealizma\/#primaryimage"},"thumbnailUrl":"https:\/\/mnmu.rs\/wp-content\/uploads\/1.-Medium.jpg","datePublished":"2025-05-09T10:05:37+00:00","dateModified":"2025-05-09T10:09:53+00:00","breadcrumb":{"@id":"https:\/\/mnmu.rs\/prateci-projekti\/promocija-kataloga-automatski-crtez-povodom-stogodisnjice-nadrealizma\/#breadcrumb"},"inLanguage":"en-US","potentialAction":[{"@type":"ReadAction","target":["https:\/\/mnmu.rs\/prateci-projekti\/promocija-kataloga-automatski-crtez-povodom-stogodisnjice-nadrealizma\/"]}]},{"@type":"ImageObject","inLanguage":"en-US","@id":"https:\/\/mnmu.rs\/prateci-projekti\/promocija-kataloga-automatski-crtez-povodom-stogodisnjice-nadrealizma\/#primaryimage","url":"https:\/\/mnmu.rs\/wp-content\/uploads\/1.-Medium.jpg","contentUrl":"https:\/\/mnmu.rs\/wp-content\/uploads\/1.-Medium.jpg","width":1152,"height":768},{"@type":"BreadcrumbList","@id":"https:\/\/mnmu.rs\/prateci-projekti\/promocija-kataloga-automatski-crtez-povodom-stogodisnjice-nadrealizma\/#breadcrumb","itemListElement":[{"@type":"ListItem","position":1,"name":"\u041f\u043e\u0447\u0435\u0442\u043d\u0430","item":"https:\/\/mnmu.rs\/"},{"@type":"ListItem","position":2,"name":"\u041f\u0420\u0410\u0422\u0415\u040b\u0418 \u041f\u0420\u041e\u0408\u0415\u041a\u0422\u0418","item":"https:\/\/mnmu.rs\/prateci-projekti\/"},{"@type":"ListItem","position":3,"name":"\u041f\u0440\u043e\u043c\u043e\u0446\u0438\u0458\u0430 \u043a\u0430\u0442\u0430\u043b\u043e\u0433\u0430 \u0410\u0443\u0442\u043e\u043c\u0430\u0442\u0441\u043a\u0438 \u0446\u0440\u0442\u0435\u0436 &#8211; \u043f\u043e\u0432\u043e\u0434\u043e\u043c \u0441\u0442\u043e\u0433\u043e\u0434\u0438\u0448\u045a\u0438\u0446\u0435 \u043d\u0430\u0434\u0440\u0435\u0430\u043b\u0438\u0437\u043c\u0430"}]},{"@type":"WebSite","@id":"https:\/\/mnmu.rs\/#website","url":"https:\/\/mnmu.rs\/","name":"\u041c\u041d\u041c\u0423","description":"\u041c\u0443\u0437\u0435\u0458 \u043d\u0430\u0438\u0432\u043d\u0435 \u0438 \u043c\u0430\u0440\u0433\u0438\u043d\u0430\u043b\u043d\u0435 \u0443\u043c\u0435\u0442\u043d\u043e\u0441\u0442\u0438","publisher":{"@id":"https:\/\/mnmu.rs\/#organization"},"potentialAction":[{"@type":"SearchAction","target":{"@type":"EntryPoint","urlTemplate":"https:\/\/mnmu.rs\/?s={search_term_string}"},"query-input":{"@type":"PropertyValueSpecification","valueRequired":true,"valueName":"search_term_string"}}],"inLanguage":"en-US"},{"@type":"Organization","@id":"https:\/\/mnmu.rs\/#organization","name":"\u041c\u041d\u041c\u0423","url":"https:\/\/mnmu.rs\/","logo":{"@type":"ImageObject","inLanguage":"en-US","@id":"https:\/\/mnmu.rs\/#\/schema\/logo\/image\/","url":"https:\/\/mnmu.rs\/wp-content\/uploads\/2019\/01\/Logo-MNMU-1-2-e1663202065107.jpg","contentUrl":"https:\/\/mnmu.rs\/wp-content\/uploads\/2019\/01\/Logo-MNMU-1-2-e1663202065107.jpg","width":300,"height":262,"caption":"\u041c\u041d\u041c\u0423"},"image":{"@id":"https:\/\/mnmu.rs\/#\/schema\/logo\/image\/"},"sameAs":["https:\/\/www.facebook.com\/muzejnaivneimarginalneumetnosti","https:\/\/www.youtube.com\/channel\/UCtww058_pFjWYHx2rDvTZVw","https:\/\/www.instagram.com\/museumofnaivemarginalart\/?igshid=YmMyMTA2M2Y"]}]}},"_links":{"self":[{"href":"https:\/\/mnmu.rs\/en\/wp-json\/wp\/v2\/pages\/14979","targetHints":{"allow":["GET"]}}],"collection":[{"href":"https:\/\/mnmu.rs\/en\/wp-json\/wp\/v2\/pages"}],"about":[{"href":"https:\/\/mnmu.rs\/en\/wp-json\/wp\/v2\/types\/page"}],"author":[{"embeddable":true,"href":"https:\/\/mnmu.rs\/en\/wp-json\/wp\/v2\/users\/2"}],"replies":[{"embeddable":true,"href":"https:\/\/mnmu.rs\/en\/wp-json\/wp\/v2\/comments?post=14979"}],"version-history":[{"count":7,"href":"https:\/\/mnmu.rs\/en\/wp-json\/wp\/v2\/pages\/14979\/revisions"}],"predecessor-version":[{"id":14986,"href":"https:\/\/mnmu.rs\/en\/wp-json\/wp\/v2\/pages\/14979\/revisions\/14986"}],"up":[{"embeddable":true,"href":"https:\/\/mnmu.rs\/en\/wp-json\/wp\/v2\/pages\/7601"}],"wp:featuredmedia":[{"embeddable":true,"href":"https:\/\/mnmu.rs\/en\/wp-json\/wp\/v2\/media\/9553"}],"wp:attachment":[{"href":"https:\/\/mnmu.rs\/en\/wp-json\/wp\/v2\/media?parent=14979"}],"curies":[{"name":"wp","href":"https:\/\/api.w.org\/{rel}","templated":true}]}}